{"id":2,"date":"2023-01-24T22:44:21","date_gmt":"2023-01-24T22:44:21","guid":{"rendered":"http:\/\/bnmarina.com\/?page_id=2"},"modified":"2023-10-23T11:44:16","modified_gmt":"2023-10-23T11:44:16","slug":"arousa","status":"publish","type":"page","link":"https:\/\/bnmarina.com\/","title":{"rendered":"ARouSA"},"content":{"rendered":"<div class=\"wp-block-image is-style-rounded\">\n<figure class=\"alignleft size-full is-resized\"><img loading=\"lazy\" decoding=\"async\" src=\"https:\/\/bnmarina.com\/wp-content\/uploads\/2023\/02\/ARouSA09b3-1.gif\" alt=\"ARouSA\" class=\"wp-image-39\" width=\"103\" height=\"101\"\/><\/figure><\/div>\n\n\n<p><strong>ARouSA<\/strong> \u00e9 unha aplicaci\u00f3n baseada en Visual Basic e Visual Basic Application para Excel. O obxectivo desta aplicaci\u00f3n \u00e9 facilitar o emprego de procedementos estandarizados para a avaliaci\u00f3n de stocks e o asesoramento t\u00e9cnico na explotaci\u00f3n e conservaci\u00f3n dos recursos marisqueiros.<\/p>\n\n\n\n<p>A aplicaci\u00f3n conta cunha serie de ferramentas de aplicaci\u00f3n directa no traballo de asesoramento realizado polos t\u00e9cnicos das confrar\u00edas de pescadores de Galicia e da administraci\u00f3n pesqueira.<\/p>\n\n\n\n<p>As ferramentas de avaliaci\u00f3n de <strong>stock<\/strong> facilitan o c\u00e1lculo mediante mostraxes, estratificadas ou non, empregando dese\u00f1os de base puntual (calicatas ou dragas), tansectos lineais, arrastres ou unha combinaci\u00f3n de d\u00faas destas t\u00e9cnicas. Estas ferramentas est\u00e1n especialmente pensadas para stocks e din\u00e1mica de poboaci\u00f3ns de especies bent\u00f3nicas. A apliaci\u00f3n conta tam\u00e9n cunha ferramenta espec\u00edfica para a avaliaci\u00f3n de stoks de percebe que implementa a metodolox\u00eda empregada en J.M. Parada et al. (2012) e J.M.Parada et al. (2013).<\/p>\n\n\n\n<p>As ferramentas de <strong>asesoramento<\/strong> permiten obter de xeito estandarizado relaci\u00f3ns tama\u00f1o \u2013 peso, calcular taxas de mortalidade, inferir a evoluci\u00f3n de poboaci\u00f3ns no tempo, estandarizar controis de tama\u00f1o das capturas.<\/p>\n\n\n\n<p>A aplicaci\u00f3n incl\u00fae tam\u00e9n unha serie de ferramentas para a <strong>caracterizaci\u00f3n do medio<\/strong>. Estas ferramentas facilitan o c\u00e1lculo da cota batim\u00e9trica ou o nivel mareal das \u00e1reas estudiadas, c\u00e1lculo de superficies, lonxitudes de arrastres ou transectos non rectil\u00edneos, e caracterizaci\u00f3n granulom\u00e9trica estandarizada.<\/p>\n\n\n\n<p>Para o seu funcionamento requ\u00edrese Excel 2003, 2007 ou 2016, nivel medio de seguridade de macros e complementos de an\u00e1lise de datos.<\/p>\n\n\n\n<p><strong>Condici\u00f3ns de uso<\/strong><\/p>\n\n\n\n<p><strong>ARouSA<\/strong> \u00e9 unha aplicaci\u00f3n de uso libre. A s\u00faa descarga dende esta web \u00e9 libre, pero a s\u00faa distribuci\u00f3n require de autorizaci\u00f3n expresa. Os usuarios comprom\u00e9tense a citar a aplicaci\u00f3n <strong>ARouSA<\/strong> na metodolox\u00eda dos traballos nos que se publiquen resultados obtidos con ela, e o sitio web ou calquera outra fonte onde estea accesible. Agrad\u00e9cese a remisi\u00f3n de referencias de traballos, publicados ou non, que empreguen <strong>ARouSA<\/strong> na s\u00faa metodolox\u00eda. Agrad\u00e9cese o env\u00edo de calquera comentario, suxesti\u00f3n ou informe de erro a<a href=\"mailto:arousa2009@gmail.com\"> <strong>arousa2009@gmail.com<\/strong><\/a><\/p>\n\n\n\n<p><strong>Descargas<\/strong><\/p>\n\n\n\n<p>Acceda \u00e1 descarga dos <strong><a href=\"https:\/\/arousa.bnmarina.com\/descargar-arousa\/\">arquivos que compo\u00f1en a aplicaci\u00f3n<\/a><\/strong>. Siga as instruci\u00f3ns de instalaci\u00f3n para asegurar un correcto funcionamento. O arquivo ARouSA_09_manual.pdf conten a <strong>documentaci\u00f3n de ARouSA<\/strong> (versi\u00f3n 10.02) actualizada trala s\u00faa publicaci\u00f3n pola Conseller\u00eda do Mar da Xunta de Galicia (<strong>ISBN: 978-84-453-4863-5<\/strong>). As ferramentas posteriores \u00e1 publicaci\u00f3n do manual&nbsp; contan cos seus propios manuais individualizados.<\/p>\n\n\n<nav class=\"is-responsive wp-block-navigation is-layout-flex wp-block-navigation-is-layout-flex\" aria-label=\"Navegaci\u00f3n 2\" \n\t\t\tdata-wp-interactive\n\t\t\tdata-wp-context='{\"core\":{\"navigation\":{\"overlayOpenedBy\":[],\"type\":\"overlay\",\"roleAttribute\":\"\",\"ariaLabel\":\"Men\\u00fa\"}}}'\n\t\t><button aria-haspopup=\"true\" aria-label=\"Abrir o men\u00fa\" class=\"wp-block-navigation__responsive-container-open \" \n\t\t\tdata-wp-on--click=\"actions.core.navigation.openMenuOnClick\"\n\t\t\tdata-wp-on--keydown=\"actions.core.navigation.handleMenuKeydown\"\n\t\t><svg width=\"24\" height=\"24\" xmlns=\"http:\/\/www.w3.org\/2000\/svg\" viewBox=\"0 0 24 24\" aria-hidden=\"true\" focusable=\"false\"><rect x=\"4\" y=\"7.5\" width=\"16\" height=\"1.5\" \/><rect x=\"4\" y=\"15\" width=\"16\" height=\"1.5\" \/><\/svg><\/button>\n\t\t\t<div class=\"wp-block-navigation__responsive-container  \" style=\"\" id=\"modal-1\" \n\t\t\tdata-wp-class--has-modal-open=\"selectors.core.navigation.isMenuOpen\"\n\t\t\tdata-wp-class--is-menu-open=\"selectors.core.navigation.isMenuOpen\"\n\t\t\tdata-wp-effect=\"effects.core.navigation.initMenu\"\n\t\t\tdata-wp-on--keydown=\"actions.core.navigation.handleMenuKeydown\"\n\t\t\tdata-wp-on--focusout=\"actions.core.navigation.handleMenuFocusout\"\n\t\t\ttabindex=\"-1\"\n\t\t>\n\t\t\t\t<div class=\"wp-block-navigation__responsive-close\" tabindex=\"-1\">\n\t\t\t\t\t<div class=\"wp-block-navigation__responsive-dialog\" \n\t\t\tdata-wp-bind--aria-modal=\"selectors.core.navigation.ariaModal\"\n\t\t\tdata-wp-bind--aria-label=\"selectors.core.navigation.ariaLabel\"\n\t\t\tdata-wp-bind--role=\"selectors.core.navigation.roleAttribute\"\n\t\t\tdata-wp-effect=\"effects.core.navigation.focusFirstElement\"\n\t\t>\n\t\t\t\t\t\t\t<button aria-label=\"Pechar o men\u00fa\" class=\"wp-block-navigation__responsive-container-close\" \n\t\t\tdata-wp-on--click=\"actions.core.navigation.closeMenuOnClick\"\n\t\t><svg xmlns=\"http:\/\/www.w3.org\/2000\/svg\" viewBox=\"0 0 24 24\" width=\"24\" height=\"24\" aria-hidden=\"true\" focusable=\"false\"><path d=\"M13 11.8l6.1-6.3-1-1-6.1 6.2-6.1-6.2-1 1 6.1 6.3-6.5 6.7 1 1 6.5-6.6 6.5 6.6 1-1z\"><\/path><\/svg><\/button>\n\t\t\t\t\t\t<div class=\"wp-block-navigation__responsive-container-content\" id=\"modal-1-content\">\n\t\t\t\t\t\t\t<ul class=\"wp-block-navigation__container is-responsive wp-block-navigation\"><li class=\" wp-block-navigation-item wp-block-navigation-link\"><a class=\"wp-block-navigation-item__content\"  href=\"https:\/\/bnmarina.com\/index.php\/arousa\/\"><span class=\"wp-block-navigation-item__label\">ARouSA<\/span><\/a><\/li><li class=\" wp-block-navigation-item wp-block-navigation-link\"><a class=\"wp-block-navigation-item__content\"  href=\"https:\/\/arousa.bnmarina.com\/descargar-arousa\/\"><span class=\"wp-block-navigation-item__label\">Descargar ARouSA<\/span><\/a><\/li><\/ul>\n\t\t\t\t\t\t<\/div>\n\t\t\t\t\t<\/div>\n\t\t\t\t<\/div>\n\t\t\t<\/div><\/nav>","protected":false},"excerpt":{"rendered":"<p>ARouSA \u00e9 unha aplicaci\u00f3n baseada en Visual Basic e Visual Basic Application para Excel. O obxectivo desta aplicaci\u00f3n \u00e9 facilitar o emprego de procedementos estandarizados para a avaliaci\u00f3n de stocks e o asesoramento t\u00e9cnico na explotaci\u00f3n e conservaci\u00f3n dos recursos marisqueiros. A aplicaci\u00f3n conta cunha serie de ferramentas de aplicaci\u00f3n directa no traballo de asesoramento<a class=\"more-link\" href=\"https:\/\/bnmarina.com\/\">Continue reading <span class=\"screen-reader-text\">&#8220;ARouSA&#8221;<\/span><\/a><\/p>\n","protected":false},"author":1,"featured_media":0,"parent":0,"menu_order":0,"comment_status":"closed","ping_status":"closed","template":"","meta":{"footnotes":""},"_links":{"self":[{"href":"https:\/\/bnmarina.com\/index.php\/wp-json\/wp\/v2\/pages\/2"}],"collection":[{"href":"https:\/\/bnmarina.com\/index.php\/wp-json\/wp\/v2\/pages"}],"about":[{"href":"https:\/\/bnmarina.com\/index.php\/wp-json\/wp\/v2\/types\/page"}],"author":[{"embeddable":true,"href":"https:\/\/bnmarina.com\/index.php\/wp-json\/wp\/v2\/users\/1"}],"replies":[{"embeddable":true,"href":"https:\/\/bnmarina.com\/index.php\/wp-json\/wp\/v2\/comments?post=2"}],"version-history":[{"count":19,"href":"https:\/\/bnmarina.com\/index.php\/wp-json\/wp\/v2\/pages\/2\/revisions"}],"predecessor-version":[{"id":115,"href":"https:\/\/bnmarina.com\/index.php\/wp-json\/wp\/v2\/pages\/2\/revisions\/115"}],"wp:attachment":[{"href":"https:\/\/bnmarina.com\/index.php\/wp-json\/wp\/v2\/media?parent=2"}],"curies":[{"name":"wp","href":"https:\/\/api.w.org\/{rel}","templated":true}]}}